{"id":3,"date":"2020-10-13T10:47:46","date_gmt":"2020-10-13T13:47:46","guid":{"rendered":"http:\/\/cafepedraredonda.com.br\/loja\/?page_id=3"},"modified":"2020-10-23T12:26:15","modified_gmt":"2020-10-23T15:26:15","slug":"politica-de-privacidade","status":"publish","type":"page","link":"https:\/\/cafepedraredonda.com.br\/loja\/politica-de-privacidade\/","title":{"rendered":"Pol\u00edtica de privacidade"},"content":{"rendered":"\n<p>Todos os dados que voc\u00ea, consumidor, informa em nossa loja virtual Caf\u00e9 Pedra Redonda s\u00e3o sigilosos e s\u00f3 ser\u00e3o utilizados para o processo de entrega, cobran\u00e7a ou para participa\u00e7\u00e3o em promo\u00e7\u00f5es\/comunicados solicitados por voc\u00ea.<\/p>\n\n\n\n<p>Os dados solicitados no momento do seu cadastro dentro do site s\u00e3o necess\u00e1rios para pagamentos e para que sua encomenda seja entregue com seguran\u00e7a no local desejado, dentro do prazo estabelecido.<\/p>\n\n\n\n<p>Voc\u00ea, consumidor, declara concordar com nossa pol\u00edtica de obten\u00e7\u00e3o e uso das informa\u00e7\u00f5es e ter ci\u00eancia de que os mesmos poder\u00e3o ser utilizados para comunica\u00e7\u00e3o, interna de qualquer esp\u00e9cie da empresa.<\/p>\n\n\n\n<p>Voc\u00ea, consumidor, garante a veracidade e exatid\u00e3o das informa\u00e7\u00f5es e dados que fornece no nosso site, assumindo a correspondente responsabilidade, caso os mesmos n\u00e3o sejam exatos, bem como se compromete a mant\u00ea-los atualizado. N\u00f3s do Caf\u00e9 Pedra Redonda n\u00e3o assumimos qualquer responsabilidade em caso de inexatid\u00e3o dos dados que voc\u00ea informa em sua compra.<\/p>\n\n\n\n<p>Nosso site garante a privacidade dos dados pessoais de nossos consumidores armazenados em sua base, comprometendo-se a utilizar tecnologia que seja suficientemente adequada para a prote\u00e7\u00e3o de tais dados, procurando manter o ambiente seguro, com uso de ferramentas apropriadas.<\/p>\n\n\n\n<p>Nossas empresas parceiras poder\u00e3o confirmar os dados pessoais informados por voc\u00ea, consumidor, consultando entidades p\u00fablicas, companhias especializadas, banco de dados, e est\u00e3o expressamente autorizados. Contudo, isso n\u00e3o cessa, nem diminui, a sua responsabilidade quanto \u00e0 exatid\u00e3o e veracidade dos dados que fornece, motivo pelo qual n\u00f3s do Caf\u00e9 Pedra Redonda poderemos, a nosso exclusivo crit\u00e9rio, suspender e\/ou cancelar seu cadastro a qualquer momento, caso detectemos qualquer inexatid\u00e3o.<\/p>\n","protected":false},"excerpt":{"rendered":"<p>Todos os dados que voc\u00ea, consumidor, informa em nossa loja virtual Caf\u00e9 Pedra Redonda s\u00e3o sigilosos e s\u00f3 ser\u00e3o utilizados para o processo de entrega, cobran\u00e7a ou para participa\u00e7\u00e3o em promo\u00e7\u00f5es\/comunicados solicitados por voc\u00ea. Os dados solicitados no momento do seu cadastro dentro do site s\u00e3o necess\u00e1rios para pagamentos e para que sua encomenda seja [&hellip;]<\/p>\n","protected":false},"author":1,"featured_media":0,"parent":0,"menu_order":0,"comment_status":"closed","ping_status":"open","template":"","meta":{"footnotes":""},"_links":{"self":[{"href":"https:\/\/cafepedraredonda.com.br\/loja\/wp-json\/wp\/v2\/pages\/3"}],"collection":[{"href":"https:\/\/cafepedraredonda.com.br\/loja\/wp-json\/wp\/v2\/pages"}],"about":[{"href":"https:\/\/cafepedraredonda.com.br\/loja\/wp-json\/wp\/v2\/types\/page"}],"author":[{"embeddable":true,"href":"https:\/\/cafepedraredonda.com.br\/loja\/wp-json\/wp\/v2\/users\/1"}],"replies":[{"embeddable":true,"href":"https:\/\/cafepedraredonda.com.br\/loja\/wp-json\/wp\/v2\/comments?post=3"}],"version-history":[{"count":1,"href":"https:\/\/cafepedraredonda.com.br\/loja\/wp-json\/wp\/v2\/pages\/3\/revisions"}],"predecessor-version":[{"id":77,"href":"https:\/\/cafepedraredonda.com.br\/loja\/wp-json\/wp\/v2\/pages\/3\/revisions\/77"}],"wp:attachment":[{"href":"https:\/\/cafepedraredonda.com.br\/loja\/wp-json\/wp\/v2\/media?parent=3"}],"curies":[{"name":"wp","href":"https:\/\/api.w.org\/{rel}","templated":true}]}}