{"id":67,"date":"2020-10-23T10:34:18","date_gmt":"2020-10-23T13:34:18","guid":{"rendered":"https:\/\/cafepedraredonda.com.br\/loja\/?page_id=67"},"modified":"2020-11-12T13:34:06","modified_gmt":"2020-11-12T16:34:06","slug":"fale-conosco","status":"publish","type":"page","link":"https:\/\/cafepedraredonda.com.br\/loja\/fale-conosco\/","title":{"rendered":"Fale Conosco"},"content":{"rendered":"<p>Ol\u00e1, utilize o formul\u00e1rio abaixo para entrar em contato conosco ou ligue: (31) 99504-8940 \/ (31) 98835-3968. Teremos o maior prazer em atende-lo.<br \/>\nD\u00favidas, cr\u00edticas, sugest\u00f5es e informa\u00e7\u00f5es sobre pedido, estamos a disposi\u00e7\u00e3o.<\/p>\n\n\n[contact-form-7 404 \"N\u00e3o encontrado\"]\n","protected":false},"excerpt":{"rendered":"","protected":false},"author":1,"featured_media":0,"parent":0,"menu_order":0,"comment_status":"closed","ping_status":"closed","template":"","meta":{"footnotes":""},"_links":{"self":[{"href":"https:\/\/cafepedraredonda.com.br\/loja\/wp-json\/wp\/v2\/pages\/67"}],"collection":[{"href":"https:\/\/cafepedraredonda.com.br\/loja\/wp-json\/wp\/v2\/pages"}],"about":[{"href":"https:\/\/cafepedraredonda.com.br\/loja\/wp-json\/wp\/v2\/types\/page"}],"author":[{"embeddable":true,"href":"https:\/\/cafepedraredonda.com.br\/loja\/wp-json\/wp\/v2\/users\/1"}],"replies":[{"embeddable":true,"href":"https:\/\/cafepedraredonda.com.br\/loja\/wp-json\/wp\/v2\/comments?post=67"}],"version-history":[{"count":2,"href":"https:\/\/cafepedraredonda.com.br\/loja\/wp-json\/wp\/v2\/pages\/67\/revisions"}],"predecessor-version":[{"id":570,"href":"https:\/\/cafepedraredonda.com.br\/loja\/wp-json\/wp\/v2\/pages\/67\/revisions\/570"}],"wp:attachment":[{"href":"https:\/\/cafepedraredonda.com.br\/loja\/wp-json\/wp\/v2\/media?parent=67"}],"curies":[{"name":"wp","href":"https:\/\/api.w.org\/{rel}","templated":true}]}}