{"id":69,"date":"2020-10-23T10:51:34","date_gmt":"2020-10-23T13:51:34","guid":{"rendered":"https:\/\/cafepedraredonda.com.br\/loja\/?page_id=69"},"modified":"2020-10-23T10:51:34","modified_gmt":"2020-10-23T13:51:34","slug":"como-comprar","status":"publish","type":"page","link":"https:\/\/cafepedraredonda.com.br\/loja\/como-comprar\/","title":{"rendered":"Como Comprar"},"content":{"rendered":"\n<p>Para comprar em nossa loja \u00e9 muito f\u00e1cil:<br><br>1) Basta navegar entre as diversas p\u00e1ginas de produtos (categorias, novidades, ofertas, destaques) e clicar sobre o \u00edcone <strong>Comprar<\/strong>. Ou clique em <strong>Ver Detalhes<\/strong> para maiores informa\u00e7\u00f5es sobre o produto. Ap\u00f3s isso o produto ser\u00e1 inserido em seu <strong>carrinho de compras<\/strong><br><br><br>2) Continue navegando em nosso site at\u00e9 escolher todos os produtos que voc\u00ea deseja adquirir. Agora basta clicar no link a direita <strong>Finalizar<\/strong> que voc\u00ea estar\u00e1 concluindo sua compra.<br><br><br>3) Agora entre com o seu e-mail e senha. Caso n\u00e3o for cadastrado, cadastre-se rapidamente clicando no link de <strong>Cadastro<\/strong>.<br><br><br>4) Feito isso, escolha a forma de envio do produto. Trabalhamos com envio via Correio. Voc\u00ea pode optar por sedex ou encomenda simples (Pac), sendo que o sedex \u00e9 mais caro s\u00f3 que muito mais \u00e1gil logo, recomendamos escolher <strong>Sedex<\/strong>.<br><br><br>5) Agora basta escolher a forma de pagamento.<br><br><br>6) Demais instru\u00e7\u00f5es ser\u00e3o enviadas via e-mail para voc\u00ea ap\u00f3s a finaliza\u00e7\u00e3o de sua venda.<\/p>\n","protected":false},"excerpt":{"rendered":"<p>Para comprar em nossa loja \u00e9 muito f\u00e1cil: 1) Basta navegar entre as diversas p\u00e1ginas de produtos (categorias, novidades, ofertas, destaques) e clicar sobre o \u00edcone Comprar. Ou clique em Ver Detalhes para maiores informa\u00e7\u00f5es sobre o produto. Ap\u00f3s isso o produto ser\u00e1 inserido em seu carrinho de compras 2) Continue navegando em nosso site [&hellip;]<\/p>\n","protected":false},"author":1,"featured_media":0,"parent":0,"menu_order":0,"comment_status":"closed","ping_status":"closed","template":"","meta":{"footnotes":""},"_links":{"self":[{"href":"https:\/\/cafepedraredonda.com.br\/loja\/wp-json\/wp\/v2\/pages\/69"}],"collection":[{"href":"https:\/\/cafepedraredonda.com.br\/loja\/wp-json\/wp\/v2\/pages"}],"about":[{"href":"https:\/\/cafepedraredonda.com.br\/loja\/wp-json\/wp\/v2\/types\/page"}],"author":[{"embeddable":true,"href":"https:\/\/cafepedraredonda.com.br\/loja\/wp-json\/wp\/v2\/users\/1"}],"replies":[{"embeddable":true,"href":"https:\/\/cafepedraredonda.com.br\/loja\/wp-json\/wp\/v2\/comments?post=69"}],"version-history":[{"count":1,"href":"https:\/\/cafepedraredonda.com.br\/loja\/wp-json\/wp\/v2\/pages\/69\/revisions"}],"predecessor-version":[{"id":70,"href":"https:\/\/cafepedraredonda.com.br\/loja\/wp-json\/wp\/v2\/pages\/69\/revisions\/70"}],"wp:attachment":[{"href":"https:\/\/cafepedraredonda.com.br\/loja\/wp-json\/wp\/v2\/media?parent=69"}],"curies":[{"name":"wp","href":"https:\/\/api.w.org\/{rel}","templated":true}]}}