{"id":71,"date":"2020-10-23T11:04:07","date_gmt":"2020-10-23T14:04:07","guid":{"rendered":"https:\/\/cafepedraredonda.com.br\/loja\/?page_id=71"},"modified":"2020-10-23T11:04:07","modified_gmt":"2020-10-23T14:04:07","slug":"formas-de-pagamento","status":"publish","type":"page","link":"https:\/\/cafepedraredonda.com.br\/loja\/formas-de-pagamento\/","title":{"rendered":"Formas de Pagamento"},"content":{"rendered":"\n<p>As compras efetuadas podem ser pagas por meio de cart\u00e3o de cr\u00e9dito.<\/p>\n\n\n\n<p>C\u00e1psulas, Caf\u00e9 em Gr\u00e3os, Caf\u00e9 Torrado e Mo\u00eddo,  podem ser parcelados em at\u00e9 10x c\/juros, com a parcela m\u00ednima sendo de R$ 10,00.<\/p>\n\n\n\n<p>Os pre\u00e7os e condi\u00e7\u00f5es de pagamento anunciados em nosso site s\u00e3o exclusivos para as compras realizadas nele.<\/p>\n\n\n\n<p>Voc\u00ea pode optar por realizar o pagamento de seu pedido parcelado no cart\u00e3o de cr\u00e9dito, mediante valor de compra m\u00ednima. No entanto, \u00e9 necess\u00e1rio que o valor total da compra esteja dentro do limite de cr\u00e9dito dispon\u00edvel em seu cart\u00e3o. Caso o limite seja ultrapassado, o pedido poder\u00e1 n\u00e3o ser aprovado pela administradora do seu cart\u00e3o e voc\u00ea ser\u00e1 comunicado por nossa equipe via e-mail. Nesse caso, seu pedido de compra ser\u00e1 cancelado.<\/p>\n\n\n\n<p>Vale lembrar que o prazo de entrega da sua compra come\u00e7ar\u00e1 a contar somente ap\u00f3s a sua administradora de cart\u00e3o de cr\u00e9dito aprovar o pagamento e o seu pedido for confirmado pela nossa equipe.<\/p>\n\n\n\n<p>Para mais informa\u00e7\u00f5es sobre produtos, valores m\u00ednimos e regras de parcelamento, consulte as condi\u00e7\u00f5es dispon\u00edveis na p\u00e1gina do produto em nosso site. Para usar seu cart\u00e3o de cr\u00e9dito, basta escolher esta forma de pagamento no momento do fechamento do seu pedido de compra. Na sequ\u00eancia voc\u00ea dever\u00e1 informar os dados de seu cart\u00e3o que forem solicitados.<\/p>\n\n\n\n<p>Para sua seguran\u00e7a, caso haja qualquer diverg\u00eancia entre as informa\u00e7\u00f5es cadastrais e de pagamento, nos reservamos no direito de n\u00e3o aprovar seu pedido ou de entrar em contato para a confirma\u00e7\u00e3o de seus dados.<\/p>\n\n\n\n<p>Alertamos que, para sua seguran\u00e7a, as informa\u00e7\u00f5es inseridas em seu pedido poder\u00e3o passar por uma an\u00e1lise interna, e estar\u00e3o sujeitas \u00e0 confirma\u00e7\u00e3o por telefone ou e-mail. Por isso, \u00e9 muito importante que seus dados cadastrais estejam sempre atualizados e completos, inclusive com telefone fixo para facilitar e agilizar o contato. O prazo de entrega passa a ser considerado somente ap\u00f3s an\u00e1lise de seu pedido pela Caf\u00e9 Pedra Redonda e posterior confirma\u00e7\u00e3o do pagamento. Voc\u00ea sempre ser\u00e1 notificado, por e-mail, sobre qualquer altera\u00e7\u00e3o no fluxo de processamento de seu pedido.<\/p>\n\n\n\n<p>Refor\u00e7amos nosso comprometimento com a seguran\u00e7a do cart\u00e3o de cr\u00e9dito na Internet, garantindo aos nossos clientes total seguran\u00e7a em nosso site.<\/p>\n","protected":false},"excerpt":{"rendered":"<p>As compras efetuadas podem ser pagas por meio de cart\u00e3o de cr\u00e9dito. C\u00e1psulas, Caf\u00e9 em Gr\u00e3os, Caf\u00e9 Torrado e Mo\u00eddo, podem ser parcelados em at\u00e9 10x c\/juros, com a parcela m\u00ednima sendo de R$ 10,00. Os pre\u00e7os e condi\u00e7\u00f5es de pagamento anunciados em nosso site s\u00e3o exclusivos para as compras realizadas nele. Voc\u00ea pode optar [&hellip;]<\/p>\n","protected":false},"author":1,"featured_media":0,"parent":0,"menu_order":0,"comment_status":"closed","ping_status":"closed","template":"","meta":{"footnotes":""},"_links":{"self":[{"href":"https:\/\/cafepedraredonda.com.br\/loja\/wp-json\/wp\/v2\/pages\/71"}],"collection":[{"href":"https:\/\/cafepedraredonda.com.br\/loja\/wp-json\/wp\/v2\/pages"}],"about":[{"href":"https:\/\/cafepedraredonda.com.br\/loja\/wp-json\/wp\/v2\/types\/page"}],"author":[{"embeddable":true,"href":"https:\/\/cafepedraredonda.com.br\/loja\/wp-json\/wp\/v2\/users\/1"}],"replies":[{"embeddable":true,"href":"https:\/\/cafepedraredonda.com.br\/loja\/wp-json\/wp\/v2\/comments?post=71"}],"version-history":[{"count":1,"href":"https:\/\/cafepedraredonda.com.br\/loja\/wp-json\/wp\/v2\/pages\/71\/revisions"}],"predecessor-version":[{"id":72,"href":"https:\/\/cafepedraredonda.com.br\/loja\/wp-json\/wp\/v2\/pages\/71\/revisions\/72"}],"wp:attachment":[{"href":"https:\/\/cafepedraredonda.com.br\/loja\/wp-json\/wp\/v2\/media?parent=71"}],"curies":[{"name":"wp","href":"https:\/\/api.w.org\/{rel}","templated":true}]}}