{"id":196,"date":"2020-10-28T16:13:39","date_gmt":"2020-10-28T19:13:39","guid":{"rendered":"https:\/\/cafepedraredonda.com.br\/loja\/?post_type=product&#038;p=196"},"modified":"2025-03-21T17:40:36","modified_gmt":"2025-03-21T20:40:36","slug":"cafe-pedra-redonda-premium-em-capsulas-10-unidades","status":"publish","type":"product","link":"https:\/\/cafepedraredonda.com.br\/loja\/produto\/cafe-pedra-redonda-premium-em-capsulas-10-unidades\/","title":{"rendered":"Caf\u00e9 Pedra Redonda Premium em C\u00e1psulas &#8211; 10 Unidades"},"content":{"rendered":"<p>Caf\u00e9 Pedra Redonda Premium em C\u00e1psulas &#8211; 10 unidades de 5g<\/p>\n<p>&#8211; Tipo exporta\u00e7\u00e3o<br \/>\n&#8211; Colheita sustent\u00e1vel<br \/>\n&#8211; Certificado pela BSCA, UTZ e RAINFOREST ALLIANCE<br \/>\n&#8211; Produzido nas montanhas de Araponga MG (altitude 940 a 1400m)<br \/>\n&#8211; Caf\u00e9 Especial Premium<br \/>\n&#8211; 100% Ar\u00e1bica<br \/>\n&#8211; Torra M\u00e9dia<br \/>\n&#8211; Feito de bebida mole, sabor achocolatado, aroma frutado, corpo intenso, acidez media e prolongado retrogosto<br \/>\n&#8211; N\u00e3o cont\u00e9m gr\u00faten<br \/>\n&#8211; Compat\u00edvel Nespresso<br \/>\n&#8211; Nespresso \u00e9 uma marca da Nestl\u00e9 Alimentos, sem qualquer v\u00ednculo com o Caf\u00e9 Pedra Redonda. Imagem ilustrativa<\/p>\n<p>*Favor adicionar 3 dias \u00fateis na data de entrega, para produ\u00e7\u00e3o do seu pedido caso n\u00e3o tenhamos o produto em estoque.<\/p>\n","protected":false},"excerpt":{"rendered":"<p>Caf\u00e9 Pedra Redonda Premium em C\u00e1psulas &#8211; 10 unidades de 5g &#8211; Tipo exporta\u00e7\u00e3o &#8211; Colheita sustent\u00e1vel &#8211; Certificado pela BSCA, UTZ e RAINFOREST ALLIANCE &#8211; Produzido nas montanhas de Araponga MG (altitude 940 a 1400m) &#8211; Caf\u00e9 Especial Premium &#8211; 100% Ar\u00e1bica &#8211; Torra M\u00e9dia &#8211; Feito de bebida mole, sabor achocolatado, aroma frutado, [&hellip;]<\/p>\n","protected":false},"featured_media":205,"comment_status":"open","ping_status":"closed","template":"","meta":[],"product_cat":[18],"product_tag":[],"_links":{"self":[{"href":"https:\/\/cafepedraredonda.com.br\/loja\/wp-json\/wp\/v2\/product\/196"}],"collection":[{"href":"https:\/\/cafepedraredonda.com.br\/loja\/wp-json\/wp\/v2\/product"}],"about":[{"href":"https:\/\/cafepedraredonda.com.br\/loja\/wp-json\/wp\/v2\/types\/product"}],"replies":[{"embeddable":true,"href":"https:\/\/cafepedraredonda.com.br\/loja\/wp-json\/wp\/v2\/comments?post=196"}],"wp:featuredmedia":[{"embeddable":true,"href":"https:\/\/cafepedraredonda.com.br\/loja\/wp-json\/wp\/v2\/media\/205"}],"wp:attachment":[{"href":"https:\/\/cafepedraredonda.com.br\/loja\/wp-json\/wp\/v2\/media?parent=196"}],"wp:term":[{"taxonomy":"product_cat","embeddable":true,"href":"https:\/\/cafepedraredonda.com.br\/loja\/wp-json\/wp\/v2\/product_cat?post=196"},{"taxonomy":"product_tag","embeddable":true,"href":"https:\/\/cafepedraredonda.com.br\/loja\/wp-json\/wp\/v2\/product_tag?post=196"}],"curies":[{"name":"wp","href":"https:\/\/api.w.org\/{rel}","templated":true}]}}