{"id":39,"date":"2020-10-14T17:02:23","date_gmt":"2020-10-14T20:02:23","guid":{"rendered":"https:\/\/cafepedraredonda.com.br\/loja\/?post_type=product&#038;p=39"},"modified":"2025-06-24T13:31:46","modified_gmt":"2025-06-24T16:31:46","slug":"cafe-pedra-redonda-250g-torrado-e-moido","status":"publish","type":"product","link":"https:\/\/cafepedraredonda.com.br\/loja\/produto\/cafe-pedra-redonda-250g-torrado-e-moido\/","title":{"rendered":"Caf\u00e9 Pedra Redonda 250g Torrado e Mo\u00eddo"},"content":{"rendered":"<p>Caf\u00e9 Pedra Redonda 250g Torrado e Mo\u00eddo<\/p>\n<p>&#8211; Colheita sustent\u00e1vel<br \/>\n&#8211; Certificado pela BSCA, UTZ e RAINFOREST ALLIANCE<br \/>\n&#8211; Produzido nas montanhas de Araponga MG (altitude 940 a 1400m)<br \/>\n&#8211; Caf\u00e9 Especial<br \/>\n&#8211; 100% Ar\u00e1bica<br \/>\n&#8211; Torra M\u00e9dia<br \/>\n&#8211; Sabor e Aroma: Caramelo<br \/>\n&#8211; Indicado para caf\u00e9 coado<br \/>\n&#8211; N\u00e3o cont\u00e9m gl\u00faten<br \/>\n&#8211; Imagem meramente ilustrativa<\/p>\n<p>*Favor adicionar 3 dias \u00fateis na data de entrega, para produ\u00e7\u00e3o do seu pedido caso n\u00e3o tenhamos o produto em estoque.<\/p>\n","protected":false},"excerpt":{"rendered":"<p>Caf\u00e9 Pedra Redonda 250g Torrado e Mo\u00eddo &#8211; Colheita sustent\u00e1vel &#8211; Certificado pela BSCA, UTZ e RAINFOREST ALLIANCE &#8211; Produzido nas montanhas de Araponga MG (altitude 940 a 1400m) &#8211; Caf\u00e9 Especial &#8211; 100% Ar\u00e1bica &#8211; Torra M\u00e9dia &#8211; Sabor e Aroma: Caramelo &#8211; Indicado para caf\u00e9 coado &#8211; N\u00e3o cont\u00e9m gl\u00faten &#8211; Imagem meramente [&hellip;]<\/p>\n","protected":false},"featured_media":213,"comment_status":"open","ping_status":"closed","template":"","meta":[],"product_cat":[19],"product_tag":[],"_links":{"self":[{"href":"https:\/\/cafepedraredonda.com.br\/loja\/wp-json\/wp\/v2\/product\/39"}],"collection":[{"href":"https:\/\/cafepedraredonda.com.br\/loja\/wp-json\/wp\/v2\/product"}],"about":[{"href":"https:\/\/cafepedraredonda.com.br\/loja\/wp-json\/wp\/v2\/types\/product"}],"replies":[{"embeddable":true,"href":"https:\/\/cafepedraredonda.com.br\/loja\/wp-json\/wp\/v2\/comments?post=39"}],"wp:featuredmedia":[{"embeddable":true,"href":"https:\/\/cafepedraredonda.com.br\/loja\/wp-json\/wp\/v2\/media\/213"}],"wp:attachment":[{"href":"https:\/\/cafepedraredonda.com.br\/loja\/wp-json\/wp\/v2\/media?parent=39"}],"wp:term":[{"taxonomy":"product_cat","embeddable":true,"href":"https:\/\/cafepedraredonda.com.br\/loja\/wp-json\/wp\/v2\/product_cat?post=39"},{"taxonomy":"product_tag","embeddable":true,"href":"https:\/\/cafepedraredonda.com.br\/loja\/wp-json\/wp\/v2\/product_tag?post=39"}],"curies":[{"name":"wp","href":"https:\/\/api.w.org\/{rel}","templated":true}]}}