{"id":837,"date":"2020-11-30T17:55:34","date_gmt":"2020-11-30T20:55:34","guid":{"rendered":"https:\/\/cafepedraredonda.com.br\/loja\/?post_type=product&#038;p=837"},"modified":"2025-06-24T13:35:12","modified_gmt":"2025-06-24T16:35:12","slug":"kit-selecao-torrados-em-graos-2-unid-1kg-e-500g","status":"publish","type":"product","link":"https:\/\/cafepedraredonda.com.br\/loja\/produto\/kit-selecao-torrados-em-graos-2-unid-1kg-e-500g\/","title":{"rendered":"Kit Sele\u00e7\u00e3o Torrados em Gr\u00e3os | 2 Unid 1Kg e 500g"},"content":{"rendered":"<p>Kit Sele\u00e7\u00e3o Torrados em Gr\u00e3os | 2 Unidades de 1 Kg e 500g<\/p>\n<p>Cont\u00e9m no Kit:<\/p>\n<ul>\n<li>1 Unidade Caf\u00e9 Premium Torrado em Gr\u00e3os de 500g<\/li>\n<li>1 Unidade Caf\u00e9 Gourmet Torrado em Gr\u00e3os 1kg<\/li>\n<\/ul>\n<h4 class=\"product_title entry-title\">Caf\u00e9 Pedra Redonda Premium 500g Torrado em Gr\u00e3os<\/h4>\n<p>\u2013 Colheita sustent\u00e1vel<br \/>\n\u2013 Certificado pela BSCA, UTZ e RAINFOREST ALLIANCE<br \/>\n\u2013 Produzido nas montanhas de Araponga MG (altitude 940 a 1400m)<br \/>\n\u2013 Caf\u00e9 Especial Premium<br \/>\n\u2013 100% Ar\u00e1bica<br \/>\n\u2013 Torra M\u00e9dia<br \/>\n\u2013 Sabor: Caramelo e Cana de a\u00e7ucar<br \/>\n\u2013 Aroma: Caramelo<br \/>\n\u2013 Acidez: M\u00e9dia<br \/>\n\u2013 Gosto remanescente prolongado<br \/>\n\u2013 Indicado para caf\u00e9 coado e espresso<br \/>\n\u2013 N\u00e3o cont\u00e9m gl\u00faten<\/p>\n<h4 class=\"product_title entry-title\">Caf\u00e9 Pedra Redonda Gourmet 1kg Torrado em Gr\u00e3os<\/h4>\n<p>\u2013 Colheita sustent\u00e1vel<br \/>\n\u2013 Certificado pela BSCA, UTZ e RAINFOREST ALLIANCE<br \/>\n\u2013 Produzido nas montanhas de Araponga MG (altitude 940 a 1400m)<br \/>\n\u2013 100% Ar\u00e1bica<br \/>\n\u2013 Torra M\u00e9dia<br \/>\n\u2013 Sabor achocolatado e Aroma frutado<br \/>\n\u2013 Indicado para caf\u00e9 coado<br \/>\n\u2013 N\u00e3o cont\u00e9m gr\u00faten<\/p>\n<blockquote><p>\u00a0Imagem meramente ilustrativa<\/p><\/blockquote>\n<p>*Favor adicionar 3 dias \u00fateis na data de entrega, para produ\u00e7\u00e3o do seu pedido caso n\u00e3o tenhamos o produto em estoque.<\/p>\n<p>&nbsp;<\/p>\n","protected":false},"excerpt":{"rendered":"<p>Kit Sele\u00e7\u00e3o Torrados em Gr\u00e3os | 2 Unidades de 1 Kg e 500g Cont\u00e9m no Kit: 1 Unidade Caf\u00e9 Premium Torrado em Gr\u00e3os de 500g 1 Unidade Caf\u00e9 Gourmet Torrado em Gr\u00e3os 1kg Caf\u00e9 Pedra Redonda Premium 500g Torrado em Gr\u00e3os \u2013 Colheita sustent\u00e1vel \u2013 Certificado pela BSCA, UTZ e RAINFOREST ALLIANCE \u2013 Produzido nas [&hellip;]<\/p>\n","protected":false},"featured_media":838,"comment_status":"open","ping_status":"closed","template":"","meta":[],"product_cat":[24],"product_tag":[],"_links":{"self":[{"href":"https:\/\/cafepedraredonda.com.br\/loja\/wp-json\/wp\/v2\/product\/837"}],"collection":[{"href":"https:\/\/cafepedraredonda.com.br\/loja\/wp-json\/wp\/v2\/product"}],"about":[{"href":"https:\/\/cafepedraredonda.com.br\/loja\/wp-json\/wp\/v2\/types\/product"}],"replies":[{"embeddable":true,"href":"https:\/\/cafepedraredonda.com.br\/loja\/wp-json\/wp\/v2\/comments?post=837"}],"wp:featuredmedia":[{"embeddable":true,"href":"https:\/\/cafepedraredonda.com.br\/loja\/wp-json\/wp\/v2\/media\/838"}],"wp:attachment":[{"href":"https:\/\/cafepedraredonda.com.br\/loja\/wp-json\/wp\/v2\/media?parent=837"}],"wp:term":[{"taxonomy":"product_cat","embeddable":true,"href":"https:\/\/cafepedraredonda.com.br\/loja\/wp-json\/wp\/v2\/product_cat?post=837"},{"taxonomy":"product_tag","embeddable":true,"href":"https:\/\/cafepedraredonda.com.br\/loja\/wp-json\/wp\/v2\/product_tag?post=837"}],"curies":[{"name":"wp","href":"https:\/\/api.w.org\/{rel}","templated":true}]}}