{"id":840,"date":"2020-11-30T18:10:04","date_gmt":"2020-11-30T21:10:04","guid":{"rendered":"https:\/\/cafepedraredonda.com.br\/loja\/?post_type=product&#038;p=840"},"modified":"2025-06-24T13:36:43","modified_gmt":"2025-06-24T16:36:43","slug":"kit-selecao-torrados-e-moidos-3-unid-de-500g","status":"publish","type":"product","link":"https:\/\/cafepedraredonda.com.br\/loja\/produto\/kit-selecao-torrados-e-moidos-3-unid-de-500g\/","title":{"rendered":"Kit Sele\u00e7\u00e3o Torrados e Mo\u00eddos | 3 Unid de 500g"},"content":{"rendered":"<p>Kit Sele\u00e7\u00e3o Torrados e Mo\u00eddos | 3 Unid de 500g<\/p>\n<p>Cont\u00e9m no Kit:<\/p>\n<ul>\n<li>1 Unidade Caf\u00e9 Premium Torrado e Mo\u00eddo de 500g<\/li>\n<li>1 Unidade Caf\u00e9 Pedra Redonda Torrado e Mo\u00eddo de 500g<\/li>\n<li>1 Unidade Caf\u00e9 Gourmet Torrado e Mo\u00eddo de 500g<\/li>\n<\/ul>\n<h4 class=\"product_title entry-title\">Caf\u00e9 Pedra Redonda Premium 500g Torrado e Mo\u00eddo<\/h4>\n<p>\u2013 Colheita sustent\u00e1vel<br \/>\n\u2013 Certificado pela BSCA, UTZ e RAINFOREST ALLIANCE<br \/>\n\u2013 Produzido nas montanhas de Araponga MG (altitude 940 a 1400m)<br \/>\n\u2013 Caf\u00e9 Especial Premium<br \/>\n\u2013 100% Ar\u00e1bica<br \/>\n\u2013 Torra M\u00e9dia<br \/>\n\u2013 Sabor: Caramelo e Cana de a\u00e7ucar<br \/>\n\u2013 Aroma: Caramelo<br \/>\n\u2013 Acidez: M\u00e9dia<br \/>\n\u2013 Gosto remanescente prolongado<br \/>\n\u2013 Indicado para caf\u00e9 coado e espresso<br \/>\n\u2013 N\u00e3o cont\u00e9m gl\u00faten<\/p>\n<h4 class=\"product_title entry-title\">Caf\u00e9 Pedra Redonda 500g Torrado e Mo\u00eddo<\/h4>\n<p>\u2013 Colheita sustent\u00e1vel<br \/>\n\u2013 Certificado pela BSCA, UTZ e RAINFOREST ALLIANCE<br \/>\n\u2013 Produzido nas montanhas de Araponga MG (altitude 940 a 1400m)<br \/>\n\u2013 Caf\u00e9 Especial<br \/>\n\u2013 100% Ar\u00e1bica<br \/>\n\u2013 Torra M\u00e9dia<br \/>\n\u2013 Sabor e Aroma: Caramelo<br \/>\n\u2013 Indicado para caf\u00e9 coado<br \/>\n\u2013 N\u00e3o cont\u00e9m gl\u00faten<\/p>\n<h4 class=\"product_title entry-title\">Caf\u00e9 Pedra Redonda Gourmet 500g Torrado e Mo\u00eddo<\/h4>\n<p>\u2013 Colheita sustent\u00e1vel<br \/>\n\u2013 Certificado pela BSCA, UTZ e RAINFOREST ALLIANCE<br \/>\n\u2013 Produzido nas montanhas de Araponga MG (altitude 940 a 1400m)<br \/>\n\u2013 100% Ar\u00e1bica<br \/>\n\u2013 Torra M\u00e9dia<br \/>\n\u2013 Sabor achocolatado e Aroma frutado<br \/>\n\u2013 Indicado para caf\u00e9 coado<br \/>\n\u2013 N\u00e3o cont\u00e9m gl\u00faten<\/p>\n<blockquote><p>Imagem meramente ilustrativa<\/p><\/blockquote>\n<p>*Favor adicionar 3 dias \u00fateis na data de entrega, para produ\u00e7\u00e3o do seu pedido caso n\u00e3o tenhamos o produto em estoque.<\/p>\n<p>&nbsp;<\/p>\n<p>&nbsp;<\/p>\n","protected":false},"excerpt":{"rendered":"<p>Kit Sele\u00e7\u00e3o Torrados e Mo\u00eddos | 3 Unid de 500g Cont\u00e9m no Kit: 1 Unidade Caf\u00e9 Premium Torrado e Mo\u00eddo de 500g 1 Unidade Caf\u00e9 Pedra Redonda Torrado e Mo\u00eddo de 500g 1 Unidade Caf\u00e9 Gourmet Torrado e Mo\u00eddo de 500g Caf\u00e9 Pedra Redonda Premium 500g Torrado e Mo\u00eddo \u2013 Colheita sustent\u00e1vel \u2013 Certificado pela [&hellip;]<\/p>\n","protected":false},"featured_media":853,"comment_status":"open","ping_status":"closed","template":"","meta":[],"product_cat":[24],"product_tag":[],"_links":{"self":[{"href":"https:\/\/cafepedraredonda.com.br\/loja\/wp-json\/wp\/v2\/product\/840"}],"collection":[{"href":"https:\/\/cafepedraredonda.com.br\/loja\/wp-json\/wp\/v2\/product"}],"about":[{"href":"https:\/\/cafepedraredonda.com.br\/loja\/wp-json\/wp\/v2\/types\/product"}],"replies":[{"embeddable":true,"href":"https:\/\/cafepedraredonda.com.br\/loja\/wp-json\/wp\/v2\/comments?post=840"}],"wp:featuredmedia":[{"embeddable":true,"href":"https:\/\/cafepedraredonda.com.br\/loja\/wp-json\/wp\/v2\/media\/853"}],"wp:attachment":[{"href":"https:\/\/cafepedraredonda.com.br\/loja\/wp-json\/wp\/v2\/media?parent=840"}],"wp:term":[{"taxonomy":"product_cat","embeddable":true,"href":"https:\/\/cafepedraredonda.com.br\/loja\/wp-json\/wp\/v2\/product_cat?post=840"},{"taxonomy":"product_tag","embeddable":true,"href":"https:\/\/cafepedraredonda.com.br\/loja\/wp-json\/wp\/v2\/product_tag?post=840"}],"curies":[{"name":"wp","href":"https:\/\/api.w.org\/{rel}","templated":true}]}}